{"id":2,"date":"2022-01-23T15:40:52","date_gmt":"2022-01-23T15:40:52","guid":{"rendered":"http:\/\/leonardfnd.org\/?page_id=2"},"modified":"2026-02-08T00:43:36","modified_gmt":"2026-02-08T00:43:36","slug":"apply","status":"publish","type":"page","link":"http:\/\/leonardfnd.org\/fr\/apply\/","title":{"rendered":"Comment faire une demande"},"content":{"rendered":"<p>1. Assurez-vous de revoir les <strong>crit\u00e8res<\/strong> detailed on this web site to confirm your eligibility, particularly the applicability of eligibility criteria 1.<\/p>\n\n\n\n<p>2. Pour postuler t\u00e9l\u00e9charger le&nbsp;<a href=\"http:\/\/leonardfnd.org\/english\/lfundapp.pdf\">formulaire<\/a>&nbsp;ci-dessous<\/p>\n\n\n\n<p>3. Le formulaire doit \u00eatre compl\u00e9t\u00e9 en entier soit par voie \u00e9lectronique ou \u00e0 la main. S'il est compl\u00e9t\u00e9 \u00e0 la main, assurez-vous s'il vous pla\u00eet qu'il soit bien lisible, en particulier votre nom, adresse postale et courriel.<\/p>\n\n\n\n<p class=\"has-black-color has-text-color\">4. Votre formulaire de demande doit \u00eatre soumis par un pr\u00e9sentateur. La liste des&nbsp;<a href=\"http:\/\/leonardfnd.org\/fr\/?page_id=13\" title=\"Pr\u00e9sentateurs&nbsp;\"><strong><mark style=\"background-color:rgba(0, 0, 0, 0);color:#002eff\" class=\"has-inline-color\">Pr\u00e9sentateurs<\/mark><\/strong>&nbsp;<\/a>est disponible sur ce site web. S\u00e9lectionnez celui qui est le plus proche de chez vous et contactez-le pour un rendez-vous\/entretien. Cette d\u00e9marche doit \u00eatre effectu\u00e9e avant le 31 mars. Le plus t\u00f4t sera le mieux, mais pas avant le 2 janvier.<\/p>\n\n\n\n<p class=\"has-text-align-center\"><strong>VEUILLEZ NE PAS CONTACTER PLUS D'UN PR\u00c9SENTATEUR<\/strong><\/p>\n\n\n\n<div class=\"wp-block-buttons alignfull is-content-justification-center is-layout-flex wp-container-core-buttons-is-layout-1 wp-block-buttons-is-layout-flex\">\n<div class=\"wp-block-button aligncenter\"><a class=\"wp-block-button__link wp-element-button\" href=\"http:\/\/leonardfnd.org\/wp-content\/uploads\/2026\/01\/TLF-Application-English-Fillable-2.pdf\" target=\"_blank\" rel=\"noreferrer noopener\">Application Form PDF (EN)<\/a><\/div>\n\n\n\n<div class=\"wp-block-button aligncenter\"><a class=\"wp-block-button__link wp-element-button\" href=\"http:\/\/leonardfnd.org\/wp-content\/uploads\/2026\/01\/TLF-Application-French-Fillable.pdf\" target=\"_blank\" rel=\"noreferrer noopener\">Formulaire De Demande PDF (FR)<\/a><\/div>\n<\/div>\n\n\n\n<div style=\"height:23px\" aria-hidden=\"true\" class=\"wp-block-spacer\"><\/div>\n\n\n\n<div class=\"wp-block-buttons alignfull is-content-justification-center is-layout-flex wp-container-core-buttons-is-layout-2 wp-block-buttons-is-layout-flex\">\n<div class=\"wp-block-button\"><a class=\"wp-block-button__link has-ast-global-color-5-color has-text-color has-background wp-element-button\" href=\"http:\/\/leonardfnd.org\/wp-content\/uploads\/2026\/02\/TLF-Application-English-1.docx\" style=\"background-color:#0763e3\">Application Form DOC (EN)<\/a><\/div>\n\n\n\n<div class=\"wp-block-button\"><a class=\"wp-block-button__link has-background wp-element-button\" href=\"http:\/\/leonardfnd.org\/wp-content\/uploads\/2023\/11\/TLF-Application-French.docx\" style=\"background-color:#0763e3\">Formulaire De Demande DOC (FR)<\/a><\/div>\n<\/div>","protected":false},"excerpt":{"rendered":"<p>1. Be sure to review the criteria detailed on this web site to confirm your eligibility, particularly the applicability of eligibility criteria 1. 2. To apply, download the&nbsp;Application Form&nbsp;found below. 3. Your form must be completed in its entirety. It can be completed electronically or printed and completed by hand. If completed by hand, please &hellip;<\/p>\n<p class=\"read-more\"> <a class=\"\" href=\"http:\/\/leonardfnd.org\/fr\/apply\/\"> <span class=\"screen-reader-text\">Comment faire une demande<\/span> Lire la suite\u00a0\u00bb<\/a><\/p>","protected":false},"author":1,"featured_media":0,"parent":0,"menu_order":0,"comment_status":"closed","ping_status":"closed","template":"","meta":{"om_disable_all_campaigns":false,"_monsterinsights_skip_tracking":false,"_monsterinsights_sitenote_active":false,"_monsterinsights_sitenote_note":"","_monsterinsights_sitenote_category":0,"site-sidebar-layout":"default","site-content-layout":"default","ast-main-header-display":"","ast-hfb-above-header-display":"","ast-hfb-below-header-display":"","ast-hfb-mobile-header-display":"","site-post-title":"","ast-breadcrumbs-content":"","ast-featured-img":"","footer-sml-layout":"","theme-transparent-header-meta":"","adv-header-id-meta":"","stick-header-meta":"","header-above-stick-meta":"","header-main-stick-meta":"","header-below-stick-meta":"","footnotes":""},"aioseo_notices":[],"_links":{"self":[{"href":"http:\/\/leonardfnd.org\/fr\/wp-json\/wp\/v2\/pages\/2"}],"collection":[{"href":"http:\/\/leonardfnd.org\/fr\/wp-json\/wp\/v2\/pages"}],"about":[{"href":"http:\/\/leonardfnd.org\/fr\/wp-json\/wp\/v2\/types\/page"}],"author":[{"embeddable":true,"href":"http:\/\/leonardfnd.org\/fr\/wp-json\/wp\/v2\/users\/1"}],"replies":[{"embeddable":true,"href":"http:\/\/leonardfnd.org\/fr\/wp-json\/wp\/v2\/comments?post=2"}],"version-history":[{"count":32,"href":"http:\/\/leonardfnd.org\/fr\/wp-json\/wp\/v2\/pages\/2\/revisions"}],"predecessor-version":[{"id":596,"href":"http:\/\/leonardfnd.org\/fr\/wp-json\/wp\/v2\/pages\/2\/revisions\/596"}],"wp:attachment":[{"href":"http:\/\/leonardfnd.org\/fr\/wp-json\/wp\/v2\/media?parent=2"}],"curies":[{"name":"wp","href":"https:\/\/api.w.org\/{rel}","templated":true}]}}