{"id":10,"date":"2021-05-13T05:31:27","date_gmt":"2021-05-13T05:31:27","guid":{"rendered":"http:\/\/leonardfnd.org\/?page_id=10"},"modified":"2025-07-09T15:42:06","modified_gmt":"2025-07-09T15:42:06","slug":"home","status":"publish","type":"page","link":"https:\/\/leonardfnd.org\/fr\/","title":{"rendered":"page d'accueil"},"content":{"rendered":"<div class=\"wp-block-cover alignfull\" style=\"min-height:667px;aspect-ratio:unset;\"><span aria-hidden=\"true\" class=\"wp-block-cover__background has-ast-global-color-0-background-color has-background-dim-100 has-background-dim\"><\/span><div class=\"wp-block-cover__inner-container is-layout-flow wp-block-cover-is-layout-flow\">\n<p><\/p>\n\n\n\n<p><\/p>\n\n\n\n<div class=\"wp-block-media-text alignwide has-media-on-the-right is-stacked-on-mobile is-vertically-aligned-center alignright\" style=\"grid-template-columns:auto 25%\"><div class=\"wp-block-media-text__content\">\n<h1 class=\"wp-block-heading has-text-align-left has-text-color\" id=\"the-leonard-foundation\" style=\"color:#ffffff\">The Leonard Foundation.<\/h1>\n\n\n\n<p class=\"has-text-align-left has-text-color\" style=\"color:#ffffff\">Programme d\u2019aide financi\u00e8re pour les \u00e9tudiants inscrits dans un programme\nd\u2019\u00e9tudes de premier cycle dans une universit\u00e9 ou un coll\u00e8ge canadien affili\u00e9.<\/p>\n\n\n\n<div class=\"wp-block-buttons is-layout-flex wp-block-buttons-is-layout-flex\">\n<div class=\"wp-block-button has-custom-font-size is-style-fill has-medium-font-size\"><a class=\"wp-block-button__link has-ast-global-color-0-color has-ast-global-color-4-background-color has-text-color has-background wp-element-button\" href=\"http:\/\/leonardfnd.org\/fr\/?page_id=2\"><strong>Comment faire une demande<\/strong><\/a><\/div>\n<\/div>\n<\/div><figure class=\"wp-block-media-text__media\"><img loading=\"lazy\" decoding=\"async\" width=\"145\" height=\"166\" src=\"http:\/\/leonardfnd.org\/wp-content\/uploads\/2022\/01\/leonard.jpeg\" alt=\"\" class=\"wp-image-256 size-medium\"\/><\/figure><\/div>\n<\/div><\/div>\n\n\n\n<div class=\"wp-block-group alignfull has-ast-global-color-5-background-color has-background is-layout-flow wp-block-group-is-layout-flow\"><div class=\"wp-block-group__inner-container\">\n<div class=\"wp-block-media-text alignwide is-stacked-on-mobile\" style=\"grid-template-columns:19% auto\"><figure class=\"wp-block-media-text__media\"><img loading=\"lazy\" decoding=\"async\" width=\"483\" height=\"676\" src=\"http:\/\/leonardfnd.org\/wp-content\/uploads\/2022\/01\/Reuben_Wells_Leonard.png\" alt=\"\" class=\"wp-image-257 size-full\" srcset=\"https:\/\/leonardfnd.org\/wp-content\/uploads\/2022\/01\/Reuben_Wells_Leonard.png 483w, https:\/\/leonardfnd.org\/wp-content\/uploads\/2022\/01\/Reuben_Wells_Leonard-214x300.png 214w\" sizes=\"(max-width: 483px) 100vw, 483px\" \/><\/figure><div class=\"wp-block-media-text__content\">\n<h2 class=\"wp-block-heading\" id=\"about-leonard\">About Reuben Wells Leonard<\/h2>\n\n\n\n<p>Reuben Wells Leonard est n\u00e9 en 1860 \u00e0 Brantford, en Ontario, o\u00f9 il complete ses \u00e9tudes primaires et secondaires. Il a ensuite fr\u00e9quent\u00e9 le Coll\u00e8ge militaire royal de Kingston d'o\u00f9 il est dipl\u00f4m\u00e9 et m\u00e9daill\u00e9 d'argent.<\/p>\n\n\n\n<p>Apr\u00e8s avoir obtenu son dipl\u00f4me, il a traivaill\u00e9 pour le Canadien Pacifique, charg\u00e9 d'effectuer des lev\u00e9s de terrain et des travaux de construction. Il a toutefois d\u00fb interrompre ses activit\u00e9s en 1885 lorsqu'il a \u00e9t\u00e9 appel\u00e9 pour servir comme Officier d'\u00e9tat-major Transports durant la R\u00e9bellion du Nord-Ouest. Par la suite, il a continu\u00e9 de travailler pour C.P. Rail, ce qui l'a men\u00e9 d'abord au Manitoba, puis au Qu\u00e9bec, en Nouvelle-\u00c9cosse et en Colombie-Britannique.<\/p>\n\n\n\n<div class=\"wp-block-buttons is-layout-flex wp-block-buttons-is-layout-flex\">\n<div class=\"wp-block-button alignleft\"><a class=\"wp-block-button__link wp-element-button\" href=\"http:\/\/leonardfnd.org\/fr\/?page_id=11\">Apprendre encore plus<\/a><\/div>\n<\/div>\n<\/div><\/div>\n<\/div><\/div>\n\n\n\n<p><\/p>\n\n\n\n<div class=\"wp-block-group alignfull has-ast-global-color-5-background-color has-background is-layout-flow wp-block-group-is-layout-flow\"><div class=\"wp-block-group__inner-container\"><\/div><\/div>","protected":false},"excerpt":{"rendered":"<p>About Reuben Wells Leonard Reuben Wells Leonard was born in 1860 in Brantford, Ontario, where he attended public elementary and secondary schools. He then attended and graduated from Royal Military College, Kingston, as a Silver Medalist. After graduation, he began working for the Canadian Pacific Railroad doing survey and construction work. This was interrupted in &hellip;<\/p>\n<p class=\"read-more\"> <a class=\"\" href=\"https:\/\/leonardfnd.org\/fr\/\"> <span class=\"screen-reader-text\">page d'accueil<\/span> Lire la suite\u00a0\u00bb<\/a><\/p>","protected":false},"author":1,"featured_media":0,"parent":0,"menu_order":0,"comment_status":"closed","ping_status":"closed","template":"","meta":{"om_disable_all_campaigns":false,"_monsterinsights_skip_tracking":false,"_monsterinsights_sitenote_active":false,"_monsterinsights_sitenote_note":"","_monsterinsights_sitenote_category":0,"site-sidebar-layout":"no-sidebar","site-content-layout":"plain-container","ast-main-header-display":"","ast-hfb-above-header-display":"","ast-hfb-below-header-display":"","ast-hfb-mobile-header-display":"","site-post-title":"disabled","ast-breadcrumbs-content":"","ast-featured-img":"","footer-sml-layout":"","theme-transparent-header-meta":"enabled","adv-header-id-meta":"","stick-header-meta":"","header-above-stick-meta":"","header-main-stick-meta":"","header-below-stick-meta":"","footnotes":""},"aioseo_notices":[],"_links":{"self":[{"href":"https:\/\/leonardfnd.org\/fr\/wp-json\/wp\/v2\/pages\/10"}],"collection":[{"href":"https:\/\/leonardfnd.org\/fr\/wp-json\/wp\/v2\/pages"}],"about":[{"href":"https:\/\/leonardfnd.org\/fr\/wp-json\/wp\/v2\/types\/page"}],"author":[{"embeddable":true,"href":"https:\/\/leonardfnd.org\/fr\/wp-json\/wp\/v2\/users\/1"}],"replies":[{"embeddable":true,"href":"https:\/\/leonardfnd.org\/fr\/wp-json\/wp\/v2\/comments?post=10"}],"version-history":[{"count":32,"href":"https:\/\/leonardfnd.org\/fr\/wp-json\/wp\/v2\/pages\/10\/revisions"}],"predecessor-version":[{"id":581,"href":"https:\/\/leonardfnd.org\/fr\/wp-json\/wp\/v2\/pages\/10\/revisions\/581"}],"wp:attachment":[{"href":"https:\/\/leonardfnd.org\/fr\/wp-json\/wp\/v2\/media?parent=10"}],"curies":[{"name":"wp","href":"https:\/\/api.w.org\/{rel}","templated":true}]}}