{"id":11,"date":"2021-05-13T05:31:27","date_gmt":"2021-05-13T05:31:27","guid":{"rendered":"http:\/\/leonardfnd.org\/?page_id=11"},"modified":"2024-04-12T20:12:27","modified_gmt":"2024-04-12T20:12:27","slug":"about","status":"publish","type":"page","link":"https:\/\/leonardfnd.org\/fr\/about\/","title":{"rendered":"\u00e0 propos"},"content":{"rendered":"<div class=\"wp-block-group alignfull has-ast-global-color-5-background-color has-background is-layout-constrained wp-container-core-group-is-layout-1 wp-block-group-is-layout-constrained\"><div class=\"wp-block-group__inner-container\">\n<div style=\"height:70px\" aria-hidden=\"true\" class=\"wp-block-spacer\"><\/div>\n\n\n\n<h2 class=\"wp-block-heading alignfull has-text-align-left has-ast-global-color-0-color has-text-color\" id=\"about-us\">\u00c0 propos de nous<\/h2>\n\n\n\n<div class=\"wp-block-columns alignwide has-ast-global-color-0-color has-ast-global-color-0-background-color has-text-color has-background is-layout-flex wp-container-core-columns-is-layout-1 wp-block-columns-is-layout-flex\">\n<div class=\"wp-block-column is-layout-flow wp-block-column-is-layout-flow\" style=\"flex-basis:30%\">\n<figure class=\"wp-block-image size-full is-resized is-style-default\"><img loading=\"lazy\" decoding=\"async\" width=\"145\" height=\"166\" src=\"http:\/\/leonardfnd.org\/wp-content\/uploads\/2022\/01\/leonard.jpeg\" alt=\"\" class=\"wp-image-256\" style=\"width:194px;height:223px\"\/><\/figure>\n<\/div>\n\n\n\n<div class=\"wp-block-column is-layout-flow wp-block-column-is-layout-flow\" style=\"flex-basis:78%\">\n<h2 class=\"wp-block-heading has-ast-global-color-5-color has-text-color\" id=\"ruben-wells-leonard\">Reuben Wells Leonard<\/h2>\n\n\n\n<p class=\"has-ast-global-color-5-color has-text-color\">Reuben Wells Leonard est n\u00e9 en 1860 \u00e0 Brantford, en Ontario, o\u00f9 il complete ses \u00e9tudes primaires et secondaires. Il a ensuite fr\u00e9quent\u00e9 le Coll\u00e8ge militaire royal de Kingston d'o\u00f9 il est dipl\u00f4m\u00e9 et m\u00e9daill\u00e9 d'argent.  Apr\u00e8s avoir obtenu son dipl\u00f4me, il a traivaill\u00e9 pour le Canadien Pacifique, charg\u00e9 d'effectuer des lev\u00e9s de terrain et des travaux de construction. Il a toutefois d\u00fb interrompre ses activit\u00e9s en 1885 lorsqu'il a \u00e9t\u00e9 appel\u00e9 pour servir comme Officier d'\u00e9tat-major Transports durant la R\u00e9bellion du Nord-Ouest. Par la suite, il a continu\u00e9 de travailler pour C.P. Rail, ce qui l'a men\u00e9 d'abord au Manitoba, puis au Qu\u00e9bec, en Nouvelle-\u00c9cosse et en Colombie-Britannique.<\/p>\n<\/div>\n<\/div>\n\n\n\n<p><\/p>\n\n\n\n<p>En 1911, il a accept\u00e9 l'offre du gouvernement du Canada de si\u00e9ger comme pr\u00e9sident de la Commission du Chemin de fer National. \u00c0 ce titre, il \u00e9tait charg\u00e9 de surveiller la construction d'un chemin de fer de Moncton, au Nouveau-Brunswick, jusqu'\u00e0 Winnipeg, au Manitoba. Cette responsabilit\u00e9 a exig\u00e9 de lui beaucoup de sacrifices personnels, mais il ces chefs-d'oeuvre d'ing\u00e9nierie et de construction ont \u00e9t\u00e9 une grande source de fiert\u00e9.<\/p>\n\n\n\n<p>Durant sa vie, le colonel Leonard s'est beaucoup int\u00e9ress\u00e9 au domaine de l\u2019ing\u00e9nierie. Il a \u00e9t\u00e9 pr\u00e9sident de l'Institut canadien des ing\u00e9nieurs, membre du Institute of Mining and Metallurgy de Londres, en Angleterre, et \u00e9galement membre du American Institute of Mining Engineers. De 1906 jusqu'\u00e0 son d\u00e9c\u00e8s en 1930, il a \u00e9t\u00e9 pr\u00e9sident de Coniagas Mines Ltd.<\/p>\n\n\n\n<p>Le patriotisme du colonel Leonard ne se limitait pas seulement au Canada, mais aussi \u00e0 ce qu'on appelait alors l'Empire britannique. En tant que soldat, il s'est vivement int\u00e9ress\u00e9 au mouvement des cadets, ainsi qu'aux guides et aux scouts, non pas pour entretenir l'esprit militaire, mais plut\u00f4t comme moyen d'acqu\u00e9rir une formation et une discipline personnelle. Bon chr\u00e9tien, il croyait que la religion, une bonne \u00e9ducation et l'activit\u00e9 physique \u00e9taient les ingr\u00e9dients essentiels d'une vie combl\u00e9e.<\/p>\n\n\n\n<h4 class=\"wp-block-heading\" id=\"a-man-of-considerable-wealth-he-felt-an-obligation-to-return-whatever-he-could-to-the-community\"><strong>Homme fortun\u00e9, le colonel Leonard ressentait le besoin de faire sa part pour la collectivit\u00e9.<\/strong><\/h4>\n\n\n\n<p>On ne peut compter le nombre des dons g\u00e9n\u00e9reux de ce philanthrope, qui a aide entre autres \u00e0 l'h\u00f4pital g\u00e9n\u00e9ral de St. Catharines, au Mus\u00e9e des beaux-arts de l'Ontario, aux Universit\u00e9s Queen\u2019s et de Toronto, au Coll\u00e8ge Wycliffe et \u00e0 plusieurs autres.<\/p>\n\n\n\n<p>L'une de ses r\u00e9alisations les plus remarquables est la cr\u00e9ation de la&nbsp;<strong>THE LEONARD FOUNDATION.<\/strong>&nbsp;fondation \u00e9tablie en 1916 et revue en 1923. Cette fiducie de bienfaisance est en m\u00eame temps un programme d'aide financi\u00e8re pour les \u00e9tudiants qui, sans son aide, ne pourraient poursuivre leurs \u00e9tudes. Le fait que le colonel Leonard ait mis l'accent sur les besoins financiers plut\u00f4t que sur des r\u00e9alisations scolaires remarquables est r\u00e9v\u00e9lateur de ses convictions. Il croyait \u00e9galement que les r\u00e9cipiendaires de son prix devaient avoir des qualit\u00e9s de leader pour permettre au Canada de prosp\u00e9rer. Au fil des ans, le montant disponible dans le cadre du programme d'assistance financi\u00e8re est pass\u00e9 \u00e0 environ<strong> $130,000.00 <\/strong>annuellement. Environ<strong> 100<\/strong> bourse sont attribu\u00e8es chaque ann\u00e8e. La valeur des bourses est habituellement de <strong>$1,000 &#8211; $1,500.<\/strong><\/p>\n<\/div><\/div>","protected":false},"excerpt":{"rendered":"<p>About Us Reuben Wells Leonard He was born in 1860 in Brantford, Ontario, where he attended public elementary and secondary schools. He then attended and graduated from Royal Military College, Kingston, as a Silver Medalist. After graduation, he began working for the Canadian Pacific Railroad doing survey and construction work. This was interrupted in 1885 &hellip;<\/p>\n<p class=\"read-more\"> <a class=\"\" href=\"https:\/\/leonardfnd.org\/fr\/about\/\"> <span class=\"screen-reader-text\">\u00e0 propos<\/span> Lire la suite\u00a0\u00bb<\/a><\/p>","protected":false},"author":1,"featured_media":0,"parent":0,"menu_order":0,"comment_status":"closed","ping_status":"closed","template":"","meta":{"om_disable_all_campaigns":false,"_monsterinsights_skip_tracking":false,"_monsterinsights_sitenote_active":false,"_monsterinsights_sitenote_note":"","_monsterinsights_sitenote_category":0,"site-sidebar-layout":"no-sidebar","site-content-layout":"plain-container","ast-main-header-display":"","ast-hfb-above-header-display":"","ast-hfb-below-header-display":"","ast-hfb-mobile-header-display":"","site-post-title":"disabled","ast-breadcrumbs-content":"","ast-featured-img":"","footer-sml-layout":"","theme-transparent-header-meta":"enabled","adv-header-id-meta":"","stick-header-meta":"","header-above-stick-meta":"","header-main-stick-meta":"","header-below-stick-meta":"","footnotes":""},"aioseo_notices":[],"_links":{"self":[{"href":"https:\/\/leonardfnd.org\/fr\/wp-json\/wp\/v2\/pages\/11"}],"collection":[{"href":"https:\/\/leonardfnd.org\/fr\/wp-json\/wp\/v2\/pages"}],"about":[{"href":"https:\/\/leonardfnd.org\/fr\/wp-json\/wp\/v2\/types\/page"}],"author":[{"embeddable":true,"href":"https:\/\/leonardfnd.org\/fr\/wp-json\/wp\/v2\/users\/1"}],"replies":[{"embeddable":true,"href":"https:\/\/leonardfnd.org\/fr\/wp-json\/wp\/v2\/comments?post=11"}],"version-history":[{"count":32,"href":"https:\/\/leonardfnd.org\/fr\/wp-json\/wp\/v2\/pages\/11\/revisions"}],"predecessor-version":[{"id":524,"href":"https:\/\/leonardfnd.org\/fr\/wp-json\/wp\/v2\/pages\/11\/revisions\/524"}],"wp:attachment":[{"href":"https:\/\/leonardfnd.org\/fr\/wp-json\/wp\/v2\/media?parent=11"}],"curies":[{"name":"wp","href":"https:\/\/api.w.org\/{rel}","templated":true}]}}