{"id":12,"date":"2021-05-13T05:31:27","date_gmt":"2021-05-13T05:31:27","guid":{"rendered":"http:\/\/leonardfnd.org\/?page_id=12"},"modified":"2025-01-30T22:34:14","modified_gmt":"2025-01-30T22:34:14","slug":"eligibility","status":"publish","type":"page","link":"https:\/\/leonardfnd.org\/fr\/eligibility\/","title":{"rendered":"admissibilit\u00e9"},"content":{"rendered":"<div class=\"wp-block-cover alignfull\" style=\"min-height:251px;aspect-ratio:unset;\"><span aria-hidden=\"true\" class=\"wp-block-cover__background has-ast-global-color-0-background-color has-background-dim-100 has-background-dim\"><\/span><div class=\"wp-block-cover__inner-container is-layout-flow wp-block-cover-is-layout-flow\">\n<div style=\"height:40px\" aria-hidden=\"true\" class=\"wp-block-spacer\"><\/div>\n\n\n\n<h1 class=\"wp-block-heading has-white-color has-text-color\" id=\"eligibility-criteria\"><br><strong>Admissibilit\u00e9<\/strong><\/h1>\n\n\n\n<p><strong>SI VOUS NE REMPLISSEZ PAS CES CONDITIONS, NOUS VOUS PRIONS DE NE PAS PR\u00c9SENTER DE DEMANDE.<\/strong><\/p>\n<\/div><\/div>\n\n\n\n<div class=\"wp-block-group alignfull has-ast-global-color-5-background-color has-background is-layout-flow wp-block-group-is-layout-flow\"><div class=\"wp-block-group__inner-container\">\n<div style=\"height:10px\" aria-hidden=\"true\" class=\"wp-block-spacer\"><\/div>\n\n\n\n<p><strong><em>The Leonard Foundation is committed to fostering an environment where all students are encouraged to be their authentic selves, experience equitable opportunities, and feel respected and supported throughout the application process.  We are dedicated to an inclusive process that reflects the diversity of all applicants.  Your accessibility is important to us.  Please let your Nominator know if you need accommodations (e.g. captioning for virtual interviews, etc.) to help us remove barriers so that you can fully participate throughout the interview process.<\/em><\/strong><\/p>\n\n\n\n<p><\/p>\n\n\n\n<p>1. Le colonel Reuben Wells Leonard souhaitait que l'aide financi\u00e8re profite \u00e0 ceux qui, sans la bourse de la fondation, ne pouvaient aspirer \u00e0 poursuivre leurs \u00e9tudes. C'est pourquoi, un besoin financier r\u00e9el doit \u00eatre clairement d\u00e9montr\u00e9. La candidature des \u00e9tudiants qui vivent toujours dans leur famille dont le revenu annuel brut total, incluant les avantages imposables et en nature*, d\u00e9passe 60 000$ a peu de chances d'\u00eatre retenue. Les candidats qui r\u00e9sident de fa\u00e7on permanente \u00e0 l'ext\u00e9rieur du foyer familial depuis une longue p\u00e9riode doivent fournir le d\u00e9tail de leur situation financi\u00e8re&nbsp;<strong>Nous reconnaissons que certains de ces renseignements sont de nature personnelle; ils sont toutefois n\u00e9cessaires pour satisfaire aux exigences du donateur. Si vous refusez de divulguer cette information, le comit\u00e9 g\u00e9n\u00e9ral ne pourra prendre une d\u00e9cision \u00e9clair\u00e9e.<\/strong><\/p>\n\n\n\n<p>2. Les bourses de la Fondation Leonard sont attribu\u00e9es aux \u00e9tudiants inscrits ou en cours d'inscription \u00e0 un programme de premier cycle accr\u00e9dit\u00e9 dans un coll\u00e8ge ou une universit\u00e9 au Canada. Les \u00e9tablissements doivent \u00eatre ouverts \u00e0 tous sans restriction, \u00e0 l'exception d'une norme acad\u00e9mique. Les candidats doivent \u00eatre citoyens canadiens ou r\u00e9sidents permanents<\/p>\n\n\n\n<p>3. Seuls les \u00e9tudiants inscrits \u00e0 temps plein \u00e0 un premier programme d'\u00e9tudes de premier cycle sont admissibles, \u00e0 l'exception de ceux qui poursuivent des \u00e9tudes en vue d'obtenir le grade de M.. Ed., ou M. Th.. Un \u00e9tudiant est consid\u00e9r\u00e9 comme \u00e0 temps plein s\u2019il s\u2019inscrit \u00e0 un programme pour une ann\u00e9e scolaire compl\u00e8te.<\/p>\n\n\n\n<p>4. Le dossier de tout candidat sera examin\u00e9, mais la pr\u00e9f\u00e9rence peut \u00eatre accord\u00e9e&nbsp;<strong>aux enfants<\/strong>&nbsp;des ministres du culte, des enseignants de niveau primaire ou secondaire, du personnel militaire canadien, des dip l\u00f4m\u00e9s d'un coll\u00e8ge militaire canadien et des membres de l'Institut canadien des ing\u00e9nieurs et de l'Institut d'exploration mini\u00e8re et de la m\u00e9tallurgie du Canada. Les candidats qui ont d\u00e9j\u00e0 re\u00e7u un prix de la fondation The Leonard Foundation seront \u00e9galement favoris\u00e9s.<\/p>\n\n\n\n<p>5. Les candidats choisis doivent travailler pour contribuer \u00e0 financer leurs \u00e9tudes. De plus, ils doivent pratiquer un sport, faire de l'activit\u00e9 physique ou participer \u00e0 des exercices militaires de fa\u00e7on r\u00e9guli\u00e8re. Les qualit\u00e9s personnelles du candidat, et notamment ses qualit\u00e9s de leader, sont aussi prises en compte.<\/p>\n\n\n\n<div style=\"height:10px\" aria-hidden=\"true\" class=\"wp-block-spacer\"><\/div>\n<\/div><\/div>\n\n\n\n<div class=\"wp-block-cover alignfull\" style=\"min-height:200px;aspect-ratio:unset;\"><span aria-hidden=\"true\" class=\"wp-block-cover__background has-ast-global-color-5-background-color has-background-dim-100 has-background-dim\"><\/span><div class=\"wp-block-cover__inner-container is-layout-flow wp-block-cover-is-layout-flow\">\n<p class=\"has-text-align-left has-ast-global-color-0-color has-text-color has-medium-font-size\">Pour de plus amples renseignements, vous pouvez communiquer avec le secr\u00e9taire par courrier \u00e9lectronique \u00e0&nbsp;<a href=\"mailto:pamsauro@gmail.com\"><strong>pamsauro@gmail.com<\/strong><\/a><\/p>\n\n\n\n<p class=\"has-ast-global-color-0-color has-text-color has-small-font-size\">* Un avantage autre que de l'argent re\u00e7u par un salari\u00e9 sous forme d'allocation compensatoire n'\u00e9tant pas incluse dans son ch\u00e8que de paie ni dans ses gages. Reconnu comme \u00e9tant des \"avantages en nature\", ceux-ci peuvent inclure le logement, la pension, l'utilisation d'un v\u00e9hicule \u00e0 des fins personnelles et les cotisations vers\u00e9es \u00e0 un r\u00e9gime d'assurance m\u00e9dicale priv\u00e9e enti\u00e8rement d\u00e9bours\u00e9es par l'employeur.<\/p>\n<\/div><\/div>\n\n\n\n<p><\/p>","protected":false},"excerpt":{"rendered":"<p>The Leonard Foundation is committed to fostering an environment where all students are encouraged to be their authentic selves, experience equitable opportunities, and feel respected and supported throughout the application process. We are dedicated to an inclusive process that reflects the diversity of all applicants. Your accessibility is important to us. Please let your Nominator &hellip;<\/p>\n<p class=\"read-more\"> <a class=\"\" href=\"https:\/\/leonardfnd.org\/fr\/eligibility\/\"> <span class=\"screen-reader-text\">admissibilit\u00e9<\/span> Lire la suite\u00a0\u00bb<\/a><\/p>","protected":false},"author":1,"featured_media":0,"parent":0,"menu_order":0,"comment_status":"closed","ping_status":"closed","template":"","meta":{"om_disable_all_campaigns":false,"_monsterinsights_skip_tracking":false,"_monsterinsights_sitenote_active":false,"_monsterinsights_sitenote_note":"","_monsterinsights_sitenote_category":0,"site-sidebar-layout":"no-sidebar","site-content-layout":"plain-container","ast-main-header-display":"","ast-hfb-above-header-display":"","ast-hfb-below-header-display":"","ast-hfb-mobile-header-display":"","site-post-title":"disabled","ast-breadcrumbs-content":"","ast-featured-img":"","footer-sml-layout":"","theme-transparent-header-meta":"enabled","adv-header-id-meta":"","stick-header-meta":"","header-above-stick-meta":"","header-main-stick-meta":"","header-below-stick-meta":"","footnotes":""},"aioseo_notices":[],"_links":{"self":[{"href":"https:\/\/leonardfnd.org\/fr\/wp-json\/wp\/v2\/pages\/12"}],"collection":[{"href":"https:\/\/leonardfnd.org\/fr\/wp-json\/wp\/v2\/pages"}],"about":[{"href":"https:\/\/leonardfnd.org\/fr\/wp-json\/wp\/v2\/types\/page"}],"author":[{"embeddable":true,"href":"https:\/\/leonardfnd.org\/fr\/wp-json\/wp\/v2\/users\/1"}],"replies":[{"embeddable":true,"href":"https:\/\/leonardfnd.org\/fr\/wp-json\/wp\/v2\/comments?post=12"}],"version-history":[{"count":12,"href":"https:\/\/leonardfnd.org\/fr\/wp-json\/wp\/v2\/pages\/12\/revisions"}],"predecessor-version":[{"id":563,"href":"https:\/\/leonardfnd.org\/fr\/wp-json\/wp\/v2\/pages\/12\/revisions\/563"}],"wp:attachment":[{"href":"https:\/\/leonardfnd.org\/fr\/wp-json\/wp\/v2\/media?parent=12"}],"curies":[{"name":"wp","href":"https:\/\/api.w.org\/{rel}","templated":true}]}}