{"id":13,"date":"2021-05-13T05:31:27","date_gmt":"2021-05-13T05:31:27","guid":{"rendered":"http:\/\/leonardfnd.org\/?page_id=13"},"modified":"2026-02-16T18:44:39","modified_gmt":"2026-02-16T18:44:39","slug":"nominators","status":"publish","type":"page","link":"https:\/\/leonardfnd.org\/fr\/nominators\/","title":{"rendered":"Pr\u00e9sentateurs"},"content":{"rendered":"<div style=\"height:100px\" aria-hidden=\"true\" class=\"wp-block-spacer\"><\/div>\n\n\n\n<div class=\"wp-block-cover alignfull\" style=\"min-height:197px;aspect-ratio:unset;\"><span aria-hidden=\"true\" class=\"wp-block-cover__background has-ast-global-color-0-background-color has-background-dim-100 has-background-dim\"><\/span><div class=\"wp-block-cover__inner-container is-layout-flow wp-block-cover-is-layout-flow\">\n<h1 class=\"wp-block-heading has-white-color has-text-color\" id=\"nominators\">Pr\u00e9sentateurs<\/h1>\n\n\n\n<p>Membres du comit\u00e9 g\u00e9n\u00e9ral <\/p>\n<\/div><\/div>\n\n\n\n<div class=\"wp-block-group alignfull has-ast-global-color-5-background-color has-background is-layout-flow wp-block-group-is-layout-flow\"><div class=\"wp-block-group__inner-container\">\n<p class=\"has-small-font-size\"><em>* Membres bilingues<\/em><\/p>\n\n\n\n<p><strong>VEUILLEZ NE PAS CONTACTER PLUS D'UN PR\u00c9SENTATEUR<\/strong><\/p>\n\n\n\n<h4 class=\"wp-block-heading\" id=\"british-colombia\"><br>Colombie-Britannique<\/h4>\n\n\n\n<div class=\"wp-block-columns are-vertically-aligned-center is-layout-flex wp-container-core-columns-is-layout-1 wp-block-columns-is-layout-flex\">\n<div class=\"wp-block-column is-vertically-aligned-center is-layout-flow wp-block-column-is-layout-flow\">\n<p><strong>Barb Stoddard<\/strong><br>Mobile: 604-786-2313<br>barb.stoddard@telus.net<\/p>\n\n\n\n<p><\/p>\n<\/div>\n\n\n\n<div class=\"wp-block-column is-layout-flow wp-block-column-is-layout-flow\">\n<p><strong>Carolle Sauro<\/strong> <br>csaurolf@gmail.com<\/p>\n<\/div>\n<\/div>\n\n\n\n<hr class=\"wp-block-separator has-text-color has-ast-global-color-0-color has-css-opacity has-ast-global-color-0-background-color has-background is-style-wide\"\/>\n\n\n\n<h4 class=\"wp-block-heading\" id=\"alberta\">Alberta<\/h4>\n\n\n\n<div class=\"wp-block-columns are-vertically-aligned-center is-layout-flex wp-container-core-columns-is-layout-2 wp-block-columns-is-layout-flex\">\n<div class=\"wp-block-column is-vertically-aligned-center is-layout-flow wp-block-column-is-layout-flow\">\n<p><strong>Cynthia Malner-Charest<\/strong><\/p>\n\n\n\n<p><strong>223 4 Avenue, South East<\/strong><br><strong>High River, AB T1V 1H4<\/strong><br>Tel: (403) 652-7370<br>Mobile: (403) 701-6886<br><a href=\"mailto:axis1@telus.net\">axis1@telus.net<\/a><\/p>\n<\/div>\n\n\n\n<div class=\"wp-block-column is-layout-flow wp-block-column-is-layout-flow\">\n<p><strong>Ian Stewardson<\/strong><\/p>\n\n\n\n<p><strong>21 Carleton Road West<\/strong><br><strong>Lethbridge, AB  T1V 3X4<\/strong><br>Mobile: 403-988-9624<br><a href=\"mailto:idstew@telusplanet.net\" target=\"_blank\" rel=\"noreferrer noopener\">idstew@telusplanet.net<\/a><\/p>\n\n\n\n<p><\/p>\n<\/div>\n<\/div>\n\n\n\n<hr class=\"wp-block-separator has-text-color has-ast-global-color-0-color has-css-opacity has-ast-global-color-0-background-color has-background is-style-wide\"\/>\n\n\n\n<h4 class=\"wp-block-heading\" id=\"saskatchewan\">Saskatchewan<\/h4>\n\n\n\n<div class=\"wp-block-columns is-layout-flex wp-container-core-columns-is-layout-3 wp-block-columns-is-layout-flex\">\n<div class=\"wp-block-column is-layout-flow wp-block-column-is-layout-flow\">\n<p><strong>Colleen Walker<\/strong><\/p>\n\n\n\n<p>Tel: (306) 230-2168<br>colleen_walker_1998@yahoo.com<\/p>\n<\/div>\n\n\n\n<div class=\"wp-block-column is-layout-flow wp-block-column-is-layout-flow\"><\/div>\n<\/div>\n\n\n\n<hr class=\"wp-block-separator has-text-color has-ast-global-color-0-color has-css-opacity has-ast-global-color-0-background-color has-background is-style-wide\"\/>\n\n\n\n<h4 class=\"wp-block-heading\" id=\"manitoba\">Manitoba<\/h4>\n\n\n\n<div class=\"wp-block-columns is-layout-flex wp-container-core-columns-is-layout-4 wp-block-columns-is-layout-flex\">\n<div class=\"wp-block-column is-layout-flow wp-block-column-is-layout-flow\">\n<p><strong>*Bobbi Taillefer<\/strong><\/p>\n\n\n\n<p>43 Kendall Crescent<br>LaSalle, MB R0G OA2<br>Mobile: 306-220-0564<br>bobbitaillefer2@gmail.com<\/p>\n<\/div>\n\n\n\n<div class=\"wp-block-column is-layout-flow wp-block-column-is-layout-flow\"><\/div>\n<\/div>\n\n\n\n<hr class=\"wp-block-separator has-text-color has-ast-global-color-0-color has-css-opacity has-ast-global-color-0-background-color has-background is-style-wide\"\/>\n\n\n\n<h4 class=\"wp-block-heading\" id=\"ontario\">l'Ontario<\/h4>\n\n\n\n<div class=\"wp-block-columns is-layout-flex wp-container-core-columns-is-layout-5 wp-block-columns-is-layout-flex\">\n<div class=\"wp-block-column is-layout-flow wp-block-column-is-layout-flow\">\n<p><strong>*Paul Taillefer &#8211; Northern Ontario<\/strong><\/p>\n\n\n\n<p>43 Kendall Crescent<br>LaSalle, MB R0G OA2<br>Tel: (204) 813-0843<br>Chair@contactnorth.ca<\/p>\n<\/div>\n\n\n\n<div class=\"wp-block-column is-layout-flow wp-block-column-is-layout-flow\">\n<p><strong>*Lisa Black-Meddings<\/strong><\/p>\n\n\n\n<p>Tel: 416-751-8300<br>Lisa.black-meddings@osstf.ca<\/p>\n<\/div>\n\n\n\n<div class=\"wp-block-column is-layout-flow wp-block-column-is-layout-flow\">\n<p><strong>Lisa Fazio Lessard<\/strong><\/p>\n\n\n\n<p>Guelph<br>lisafaziolessard@gmail.com<\/p>\n<\/div>\n<\/div>\n\n\n\n<div class=\"wp-block-columns is-layout-flex wp-container-core-columns-is-layout-6 wp-block-columns-is-layout-flex\">\n<div class=\"wp-block-column is-layout-flow wp-block-column-is-layout-flow\">\n<p><strong>Danica Izzard<\/strong><\/p>\n\n\n\n<p>danica.izzard@gmail.com<br><\/p>\n<\/div>\n\n\n\n<div class=\"wp-block-column is-layout-flow wp-block-column-is-layout-flow\">\n<p><strong>The Revd. Dr. Stephen McClatchie<\/strong><\/p>\n\n\n\n<p>Faculty of Theology<br>Huron University College<br>London ON N6G 1H3<br>Tel: 519-438-7224 Ext 208<br>Smcclatchie@huron.uwo.ca<\/p>\n<\/div>\n\n\n\n<div class=\"wp-block-column is-layout-flow wp-block-column-is-layout-flow\">\n<p><strong>Mara Nickerson<\/strong><\/p>\n\n\n\n<p>Toronto<br>mnickerson56@gmail.com<\/p>\n<\/div>\n<\/div>\n\n\n\n<div class=\"wp-block-columns is-layout-flex wp-container-core-columns-is-layout-7 wp-block-columns-is-layout-flex\">\n<div class=\"wp-block-column is-vertically-aligned-top is-layout-flow wp-block-column-is-layout-flow\">\n<p><\/p>\n\n\n\n<p><\/p>\n<\/div>\n\n\n\n<div class=\"wp-block-column is-vertically-aligned-top is-layout-flow wp-block-column-is-layout-flow\">\n<div class=\"wp-block-group is-layout-flow wp-block-group-is-layout-flow\"><div class=\"wp-block-group__inner-container\">\n<p><strong>Noel Salmond<\/strong><\/p>\n<\/div><\/div>\n\n\n\n<p>Associate Professor, College of the Humanities<br>Carleton University<br>1125 Colonel By Drive<br>Ottawa, ON K1S 5B6<br>Tel: 613-520-2600 ext. 8162<br>NoelSalmond@cunet.carleton.ca<\/p>\n<\/div>\n\n\n\n<div class=\"wp-block-column is-vertically-aligned-top is-layout-flow wp-block-column-is-layout-flow\">\n<p><strong>Alison Perry<\/strong><\/p>\n\n\n\n<p>Ottawa<br>alisonlperry@yahoo.ca<\/p>\n<\/div>\n<\/div>\n\n\n\n<hr class=\"wp-block-separator has-text-color has-ast-global-color-0-color has-css-opacity has-ast-global-color-0-background-color has-background is-style-wide\"\/>\n\n\n\n<h4 class=\"wp-block-heading\" id=\"quebec\">Qu\u00e9bec<\/h4>\n\n\n\n<div class=\"wp-block-columns is-layout-flex wp-container-core-columns-is-layout-8 wp-block-columns-is-layout-flex\">\n<div class=\"wp-block-column is-layout-flow wp-block-column-is-layout-flow\">\n<p><strong>*Mercedes Gayk<\/strong><\/p>\n\n\n\n<p>741 Rue Richelieu<br>Qu\u00e9bec, QC G1R 1K8<br>Tel: 418-682-1533<br>dialangue@videotron.ca<\/p>\n<\/div>\n\n\n\n<div class=\"wp-block-column is-layout-flow wp-block-column-is-layout-flow\">\n<p><strong>*The Reverend Dr. P.G. Kirkpatrick<\/strong><\/p>\n\n\n\n<p>Faculty of Religious Studies<br>McGill University<br>3520 University Street<br>Montr\u00e9al, QC H3A 2A7<br>Tel: 514-398-4121<br>Fax: 514-398-6665<br>patricia.kirkpatrick@mcgill.ca<br><\/p>\n<\/div>\n\n\n\n<div class=\"wp-block-column is-layout-flow wp-block-column-is-layout-flow\">\n<p><\/p>\n\n\n\n<p><\/p>\n<\/div>\n<\/div>\n\n\n\n<hr class=\"wp-block-separator has-text-color has-ast-global-color-0-color has-css-opacity has-ast-global-color-0-background-color has-background is-style-wide\"\/>\n\n\n\n<h4 class=\"wp-block-heading\" id=\"new-brunswick-prince-edward-island\">Nouveau-Brunswick \/ \u00cele-du-Prince-\u00c9douard<\/h4>\n\n\n\n<div class=\"wp-block-columns is-layout-flex wp-container-core-columns-is-layout-9 wp-block-columns-is-layout-flex\">\n<div class=\"wp-block-column is-layout-flow wp-block-column-is-layout-flow\">\n<p><strong>*Monique Caissie<\/strong><\/p>\n\n\n\n<p>19 Matscot Court<br>Rothesay, NB E2E 6G5<br>caissmo@gmail.com<\/p>\n<\/div>\n\n\n\n<div class=\"wp-block-column is-layout-flow wp-block-column-is-layout-flow\"><\/div>\n<\/div>\n\n\n\n<hr class=\"wp-block-separator has-text-color has-ast-global-color-0-color has-css-opacity has-ast-global-color-0-background-color has-background is-style-wide\"\/>\n\n\n\n<h4 class=\"wp-block-heading\" id=\"nova-scotia\">Nouvelle-\u00c9cosse<\/h4>\n\n\n\n<div class=\"wp-block-columns is-layout-flex wp-container-core-columns-is-layout-10 wp-block-columns-is-layout-flex\">\n<div class=\"wp-block-column is-layout-flow wp-block-column-is-layout-flow\">\n<p><strong>*G\u00e9rard Cormier<\/strong><\/p>\n\n\n\n<p>3815 Mont Blanc Terrace<br>Halifax, NS B3K 6R3<br>gerardcormier@eastlink.ca<\/p>\n<\/div>\n\n\n\n<div class=\"wp-block-column is-layout-flow wp-block-column-is-layout-flow\">\n<p><strong>Sheila O&#8217;Leary<\/strong><\/p>\n\n\n\n<p>108 Newcastle Street, Apt 5<br>Dartmouth, NS  B2Y 3M9<br>Tel:  902-465-6525<br>olearys@eastlink.ca<\/p>\n\n\n\n<p><\/p>\n<\/div>\n<\/div>\n\n\n\n<hr class=\"wp-block-separator has-text-color has-ast-global-color-0-color has-css-opacity has-ast-global-color-0-background-color has-background is-style-wide\"\/>\n\n\n\n<h4 class=\"wp-block-heading\" id=\"newfoundland-and-labrador\">Terre-Neuve et Labrador<\/h4>\n\n\n\n<p><\/p>\n\n\n\n<div class=\"wp-block-columns is-layout-flex wp-container-core-columns-is-layout-11 wp-block-columns-is-layout-flex\">\n<div class=\"wp-block-column is-layout-flow wp-block-column-is-layout-flow\">\n<p><strong>Mr. I. Joseph Byrne<\/strong><\/p>\n\n\n\n<p>24 Dunfield Street<br>St. Johns, NL A1A 1W3<br>Tel: 709-579-2637<br>Mobile: 709-682-1730<br>Fax: 709-702-0779<br>ijbyrne@nf.sympatico.ca<\/p>\n<\/div>\n\n\n\n<div class=\"wp-block-column is-layout-flow wp-block-column-is-layout-flow\">\n<p><strong>*Beverley Park<\/strong><\/p>\n\n\n\n<p>6 Archibald Drive<br>Paradise, NL. A1L 2V8<br>Tel: 819-712-7899<br>bpark@ctf-fce.ca<\/p>\n<\/div>\n<\/div>\n\n\n\n<hr class=\"wp-block-separator has-text-color has-ast-global-color-0-color has-css-opacity has-ast-global-color-0-background-color has-background is-style-wide\"\/>\n\n\n\n<h4 class=\"wp-block-heading\" id=\"yukon-northwest-territories-nunavut\">Yukon \/ Territoires du Nord-Ouest \/ Nunavut<\/h4>\n\n\n\n<div class=\"wp-block-columns is-layout-flex wp-container-core-columns-is-layout-12 wp-block-columns-is-layout-flex\">\n<div class=\"wp-block-column is-layout-flow wp-block-column-is-layout-flow\">\n<p><strong>Sheila O&#8217;Leary<\/strong><\/p>\n\n\n\n<p>108 Newcastle Street, Apt. 5<br>Dartmouth, NS B2Y 3M9<br>Tel: 902-465-6525<br>olearys@eastlink.ca<\/p>\n<\/div>\n\n\n\n<div class=\"wp-block-column is-layout-flow wp-block-column-is-layout-flow\"><\/div>\n<\/div>\n<\/div><\/div>","protected":false},"excerpt":{"rendered":"<p>*Marks speakers of both English and French PLEASE DO NOT CONTACT MORE THAN ONE NOMINATOR British Colombia Barb StoddardMobile: 604-786-2313barb.stoddard@telus.net Carolle Sauro csaurolf@gmail.com Alberta Cynthia Malner-Charest 223 4 Avenue, South EastHigh River, AB T1V 1H4Tel: (403) 652-7370Mobile: (403) 701-6886axis1@telus.net Ian Stewardson 21 Carleton Road WestLethbridge, AB T1V 3X4Mobile: 403-988-9624idstew@telusplanet.net Saskatchewan Colleen Walker Tel: (306) 230-2168colleen_walker_1998@yahoo.com &hellip;<\/p>\n<p class=\"read-more\"> <a class=\"\" href=\"https:\/\/leonardfnd.org\/fr\/nominators\/\"> <span class=\"screen-reader-text\">Pr\u00e9sentateurs<\/span> Lire la suite\u00a0\u00bb<\/a><\/p>","protected":false},"author":1,"featured_media":0,"parent":0,"menu_order":0,"comment_status":"closed","ping_status":"closed","template":"","meta":{"om_disable_all_campaigns":false,"_monsterinsights_skip_tracking":false,"_monsterinsights_sitenote_active":false,"_monsterinsights_sitenote_note":"","_monsterinsights_sitenote_category":0,"site-sidebar-layout":"no-sidebar","site-content-layout":"plain-container","ast-main-header-display":"","ast-hfb-above-header-display":"","ast-hfb-below-header-display":"","ast-hfb-mobile-header-display":"","site-post-title":"disabled","ast-breadcrumbs-content":"","ast-featured-img":"","footer-sml-layout":"","theme-transparent-header-meta":"enabled","adv-header-id-meta":"","stick-header-meta":"","header-above-stick-meta":"","header-main-stick-meta":"","header-below-stick-meta":"","footnotes":""},"aioseo_notices":[],"_links":{"self":[{"href":"https:\/\/leonardfnd.org\/fr\/wp-json\/wp\/v2\/pages\/13"}],"collection":[{"href":"https:\/\/leonardfnd.org\/fr\/wp-json\/wp\/v2\/pages"}],"about":[{"href":"https:\/\/leonardfnd.org\/fr\/wp-json\/wp\/v2\/types\/page"}],"author":[{"embeddable":true,"href":"https:\/\/leonardfnd.org\/fr\/wp-json\/wp\/v2\/users\/1"}],"replies":[{"embeddable":true,"href":"https:\/\/leonardfnd.org\/fr\/wp-json\/wp\/v2\/comments?post=13"}],"version-history":[{"count":46,"href":"https:\/\/leonardfnd.org\/fr\/wp-json\/wp\/v2\/pages\/13\/revisions"}],"predecessor-version":[{"id":597,"href":"https:\/\/leonardfnd.org\/fr\/wp-json\/wp\/v2\/pages\/13\/revisions\/597"}],"wp:attachment":[{"href":"https:\/\/leonardfnd.org\/fr\/wp-json\/wp\/v2\/media?parent=13"}],"curies":[{"name":"wp","href":"https:\/\/api.w.org\/{rel}","templated":true}]}}