{"id":415,"date":"2022-02-11T02:09:39","date_gmt":"2022-02-11T02:09:39","guid":{"rendered":"http:\/\/leonardfnd.org\/?page_id=415"},"modified":"2024-12-05T20:17:43","modified_gmt":"2024-12-05T20:17:43","slug":"charities-trust","status":"publish","type":"page","link":"https:\/\/leonardfnd.org\/fr\/charities-trust\/","title":{"rendered":"LES CHARIT\u00c9S DE LEONARD"},"content":{"rendered":"<p>T\u00e9l\u00e9chargez et remplissez le formulaire suivant.<\/p>\n\n\n\n<div class=\"wp-block-buttons is-layout-flex wp-block-buttons-is-layout-flex\">\n<div class=\"wp-block-button\"><a class=\"wp-block-button__link wp-element-button\" href=\"http:\/\/leonardfnd.org\/wp-content\/uploads\/2024\/05\/Charities-Trust-English-2024-05-11.pdf.\">Request Donation Form (EN)<\/a><\/div>\n\n\n\n<div class=\"wp-block-button\"><a class=\"wp-block-button__link wp-element-button\" href=\"http:\/\/leonardfnd.org\/wp-content\/uploads\/2024\/12\/Charities-Trust-French-2024-05-11.pdf\">Formulaire de demande de dons (FR)<\/a><\/div>\n<\/div>","protected":false},"excerpt":{"rendered":"<p>T\u00e9l\u00e9chargez et remplissez le formulaire suivant.<\/p>","protected":false},"author":1,"featured_media":0,"parent":0,"menu_order":0,"comment_status":"closed","ping_status":"closed","template":"","meta":{"om_disable_all_campaigns":false,"_monsterinsights_skip_tracking":false,"_monsterinsights_sitenote_active":false,"_monsterinsights_sitenote_note":"","_monsterinsights_sitenote_category":0,"site-sidebar-layout":"default","site-content-layout":"default","ast-main-header-display":"","ast-hfb-above-header-display":"","ast-hfb-below-header-display":"","ast-hfb-mobile-header-display":"","site-post-title":"","ast-breadcrumbs-content":"","ast-featured-img":"","footer-sml-layout":"","theme-transparent-header-meta":"","adv-header-id-meta":"","stick-header-meta":"","header-above-stick-meta":"","header-main-stick-meta":"","header-below-stick-meta":"","footnotes":""},"aioseo_notices":[],"_links":{"self":[{"href":"https:\/\/leonardfnd.org\/fr\/wp-json\/wp\/v2\/pages\/415"}],"collection":[{"href":"https:\/\/leonardfnd.org\/fr\/wp-json\/wp\/v2\/pages"}],"about":[{"href":"https:\/\/leonardfnd.org\/fr\/wp-json\/wp\/v2\/types\/page"}],"author":[{"embeddable":true,"href":"https:\/\/leonardfnd.org\/fr\/wp-json\/wp\/v2\/users\/1"}],"replies":[{"embeddable":true,"href":"https:\/\/leonardfnd.org\/fr\/wp-json\/wp\/v2\/comments?post=415"}],"version-history":[{"count":16,"href":"https:\/\/leonardfnd.org\/fr\/wp-json\/wp\/v2\/pages\/415\/revisions"}],"predecessor-version":[{"id":558,"href":"https:\/\/leonardfnd.org\/fr\/wp-json\/wp\/v2\/pages\/415\/revisions\/558"}],"wp:attachment":[{"href":"https:\/\/leonardfnd.org\/fr\/wp-json\/wp\/v2\/media?parent=415"}],"curies":[{"name":"wp","href":"https:\/\/api.w.org\/{rel}","templated":true}]}}