{"id":575,"date":"2025-07-05T00:00:06","date_gmt":"2025-07-05T00:00:06","guid":{"rendered":"https:\/\/leonardfnd.org\/?page_id=575"},"modified":"2025-07-05T00:00:06","modified_gmt":"2025-07-05T00:00:06","slug":"land-acknowledgement","status":"publish","type":"page","link":"https:\/\/leonardfnd.org\/fr\/land-acknowledgement\/","title":{"rendered":"Reconnaissance du territoire"},"content":{"rendered":"<p>Le travail de la Leonard Foundation se fait sur le territoire traditionnel de plusieurs peuples autochtones. Chaque ann\u00e9e, nous nous rassemblons \u00e0 Tkaronto (Toronto). La Ville de Toronto reconna\u00eet que nous sommes sur le territoire traditionnel de plusieurs peuples autochtones incluant les Mississaugas de la Credit, les Anishinaabegs, les Chippewas, les Haudenosaunees et le peuple Wendat. Sur ce territoire sont pr\u00e9sents aujourd\u2019hui diverses Premi\u00e8res nations, Inuit et M\u00e9tis. La Ville reconna\u00eet aussi que Toronto est couvert par la Trait\u00e9 no 13, sign\u00e9 avec les Mississaugas de la Credit, et les Trait\u00e9s Williams, sign\u00e9s avec plusieurs bandes mississaugas et chippewas. <a href=\"https:\/\/clicktime.symantec.com\/15xu1kMr34H9crPxZi8Z5?h=0sXjYjF2OswwwCYCsWSUxfAADnzJqeAxIikAv8dSAVw=&amp;u=https:\/\/www.toronto.ca\/city-government\/accessibility-human-rights\/indigenous-affairs-office\/land-acknowledgement\/\" target=\"_blank\" rel=\"noreferrer noopener\">The City of Toronto<\/a> acknowledges that\u00a0 we are on the traditional territory of many nations including the Mississaugas of the Credit, the Anishinaabeg, the Chippewa, the Haudenosaunee and the Wendat peoples and is now home to many diverse First Nations, Inuit and M\u00e9tis peoples. The City also acknowledges that Toronto is covered by Treaty 13 signed with the Mississaugas of the Credit, and the Williams Treaties signed with multiple Mississaugas and Chippewa bands.<\/p>","protected":false},"excerpt":{"rendered":"<p>The Leonard Foundation acknowledges that we live, work, meet, and travel on the traditional territories of many Indigenous nations, who have lived on and stewarded the land, now called Canada, since time immemorial. The Board of Directors meets annually in Tkaronto (Toronto). The City of Toronto acknowledges that\u00a0 we are on the traditional territory of &hellip;<\/p>\n<p class=\"read-more\"> <a class=\"\" href=\"https:\/\/leonardfnd.org\/fr\/land-acknowledgement\/\"> <span class=\"screen-reader-text\">Reconnaissance du territoire<\/span> Lire la suite\u00a0\u00bb<\/a><\/p>","protected":false},"author":2,"featured_media":0,"parent":0,"menu_order":0,"comment_status":"closed","ping_status":"closed","template":"","meta":{"om_disable_all_campaigns":false,"_monsterinsights_skip_tracking":false,"_monsterinsights_sitenote_active":false,"_monsterinsights_sitenote_note":"","_monsterinsights_sitenote_category":0,"site-sidebar-layout":"default","site-content-layout":"default","ast-main-header-display":"","ast-hfb-above-header-display":"","ast-hfb-below-header-display":"","ast-hfb-mobile-header-display":"","site-post-title":"","ast-breadcrumbs-content":"","ast-featured-img":"","footer-sml-layout":"","theme-transparent-header-meta":"","adv-header-id-meta":"","stick-header-meta":"","header-above-stick-meta":"","header-main-stick-meta":"","header-below-stick-meta":"","footnotes":""},"aioseo_notices":[],"_links":{"self":[{"href":"https:\/\/leonardfnd.org\/fr\/wp-json\/wp\/v2\/pages\/575"}],"collection":[{"href":"https:\/\/leonardfnd.org\/fr\/wp-json\/wp\/v2\/pages"}],"about":[{"href":"https:\/\/leonardfnd.org\/fr\/wp-json\/wp\/v2\/types\/page"}],"author":[{"embeddable":true,"href":"https:\/\/leonardfnd.org\/fr\/wp-json\/wp\/v2\/users\/2"}],"replies":[{"embeddable":true,"href":"https:\/\/leonardfnd.org\/fr\/wp-json\/wp\/v2\/comments?post=575"}],"version-history":[{"count":1,"href":"https:\/\/leonardfnd.org\/fr\/wp-json\/wp\/v2\/pages\/575\/revisions"}],"predecessor-version":[{"id":576,"href":"https:\/\/leonardfnd.org\/fr\/wp-json\/wp\/v2\/pages\/575\/revisions\/576"}],"wp:attachment":[{"href":"https:\/\/leonardfnd.org\/fr\/wp-json\/wp\/v2\/media?parent=575"}],"curies":[{"name":"wp","href":"https:\/\/api.w.org\/{rel}","templated":true}]}}